{"id":9,"date":"2024-10-08T20:06:35","date_gmt":"2024-10-08T20:06:35","guid":{"rendered":"https:\/\/buchmannshofladen.ch\/?page_id=9"},"modified":"2026-04-03T09:01:02","modified_gmt":"2026-04-03T09:01:02","slug":"buchmanns-hofladen","status":"publish","type":"page","link":"https:\/\/buchmannshofladen.ch\/","title":{"rendered":"Buchmanns Hofladen"},"content":{"rendered":"<div data-colibri-id=\"9-c1\" class=\"style-570 style-local-9-c1 position-relative\">\n  <!---->\n  <div data-colibri-component=\"section\" data-colibri-id=\"9-c2\" id=\"initial-content\" class=\"h-section h-section-global-spacing d-flex align-items-lg-center align-items-md-center align-items-center style-571 style-local-9-c2 position-relative\">\n    <!---->\n    <!---->\n    <div class=\"h-section-grid-container h-section-boxed-container\">\n      <!---->\n      <div data-colibri-id=\"9-c3\" class=\"h-row-container gutters-row-lg-2 gutters-row-md-2 gutters-row-0 gutters-row-v-lg-2 gutters-row-v-md-2 gutters-row-v-2 style-572 style-local-9-c3 position-relative\">\n        <!---->\n        <div class=\"h-row justify-content-lg-center justify-content-md-center justify-content-center align-items-lg-stretch align-items-md-stretch align-items-stretch gutters-col-lg-2 gutters-col-md-2 gutters-col-0 gutters-col-v-lg-2 gutters-col-v-md-2 gutters-col-v-2\">\n          <!---->\n          <div class=\"h-column h-column-container d-flex h-col-lg-auto h-col-md-auto h-col-auto style-573-outer style-local-9-c4-outer\">\n            <div data-colibri-id=\"9-c4\" class=\"d-flex h-flex-basis h-column__inner h-px-lg-2 h-px-md-2 h-px-2 v-inner-lg-2 v-inner-md-2 v-inner-2 style-573 style-local-9-c4 position-relative\">\n              <!---->\n              <!---->\n              <div class=\"w-100 h-y-container h-column__content h-column__v-align flex-basis-100 align-self-lg-start align-self-md-start align-self-start\">\n                <!---->\n                <div data-colibri-id=\"9-c5\" class=\"h-text h-text-component style-574 style-local-9-c5 position-relative h-element\">\n                  <!---->\n                  <!---->\n                  <div class=\"\">\n                    <p>Buchmanns Hofladen steht f\u00fcr Qualit\u00e4t, Vielfalt und die nachhaltige Produktion von Obst, Beeren und Gem\u00fcse.\n                      <br>Durch den direkten Verkauf, an unseren diversen Standorten, garantieren wir genussreife und frische Produkte.\n                      <br>Neben unserem saisonalen Angebot bieten wir ganzj\u00e4hrig leckere Verarbeitungsprodukte an.<\/p>\n                  <\/div>\n                <\/div>\n              <\/div>\n            <\/div>\n          <\/div>\n        <\/div>\n      <\/div>\n      <div data-colibri-id=\"9-c6\" class=\"h-row-container gutters-row-lg-2 gutters-row-md-2 gutters-row-0 gutters-row-v-lg-2 gutters-row-v-md-2 gutters-row-v-2 style-583 style-local-9-c6 position-relative\">\n        <!---->\n        <div class=\"h-row justify-content-lg-center justify-content-md-center justify-content-center align-items-lg-stretch align-items-md-stretch align-items-stretch gutters-col-lg-2 gutters-col-md-2 gutters-col-0 gutters-col-v-lg-2 gutters-col-v-md-2 gutters-col-v-2\">\n          <!---->\n          <div class=\"h-column h-column-container d-flex h-col-lg-auto h-col-md-auto h-col-auto style-584-outer style-local-9-c7-outer\">\n            <div data-colibri-id=\"9-c7\" class=\"d-flex h-flex-basis h-column__inner h-px-lg-2 h-px-md-2 h-px-2 v-inner-lg-2 v-inner-md-2 v-inner-2 style-584 style-local-9-c7 position-relative\">\n              <!---->\n              <!---->\n              <div class=\"w-100 h-y-container h-column__content h-column__v-align flex-basis-100 align-self-lg-start align-self-md-start align-self-start\">\n                <!---->\n                <div data-colibri-id=\"9-c8\" class=\"h-global-transition-all h-heading style-585 style-local-9-c8 position-relative h-element\">\n                  <!---->\n                  <div class=\"h-heading__outer style-585 style-local-9-c8\">\n                    <!---->\n                    <!---->\n                    <h1 class=\"\">Unser Angebot<\/h1>\n                  <\/div>\n                <\/div>\n              <\/div>\n            <\/div>\n          <\/div>\n        <\/div>\n      <\/div>\n      <div data-colibri-id=\"9-c9\" class=\"h-row-container gutters-row-lg-2 gutters-row-md-2 gutters-row-0 gutters-row-v-lg-2 gutters-row-v-md-2 gutters-row-v-2 style-586 style-local-9-c9 position-relative\">\n        <!---->\n        <div class=\"h-row justify-content-lg-center justify-content-md-center justify-content-center align-items-lg-stretch align-items-md-stretch align-items-stretch gutters-col-lg-2 gutters-col-md-2 gutters-col-0 gutters-col-v-lg-2 gutters-col-v-md-2 gutters-col-v-2\">\n          <!---->\n          <div class=\"h-column h-column-container d-flex h-col-lg-auto h-col-md-auto h-col-auto style-587-outer style-local-9-c10-outer\">\n            <div data-colibri-id=\"9-c10\" class=\"d-flex h-flex-basis h-column__inner h-px-lg-2 h-px-md-2 h-px-2 v-inner-lg-2 v-inner-md-2 v-inner-2 style-587 style-local-9-c10 position-relative\">\n              <!---->\n              <!---->\n              <div class=\"w-100 h-y-container h-column__content h-column__v-align flex-basis-100 align-self-lg-start align-self-md-start align-self-start\">\n                <!---->\n                <div data-colibri-id=\"9-c11\" class=\"d-block style-588 style-local-9-c11 position-relative h-element\">\n                  <!---->\n                  <div class=\"h-image__frame-container-outer\">\n                    <div class=\"h-image__frame-container\">\n                      <!---->\n                      <!---->\n                      <img loading=\"lazy\" decoding=\"async\" width=\"1280\" height=\"328\" src=\"https:\/\/buchmannshofladen.ch\/wp-content\/uploads\/2024\/04\/cropped-Zeitstrahl_Angebot_April01-1.png\" class=\"wp-image-1019 style-588-image style-local-9-c11-image\" alt=\"\" srcset=\"https:\/\/buchmannshofladen.ch\/wp-content\/uploads\/2024\/04\/cropped-Zeitstrahl_Angebot_April01-1.png 1280w, https:\/\/buchmannshofladen.ch\/wp-content\/uploads\/2024\/04\/cropped-Zeitstrahl_Angebot_April01-1-300x77.png 300w, https:\/\/buchmannshofladen.ch\/wp-content\/uploads\/2024\/04\/cropped-Zeitstrahl_Angebot_April01-1-1024x262.png 1024w, https:\/\/buchmannshofladen.ch\/wp-content\/uploads\/2024\/04\/cropped-Zeitstrahl_Angebot_April01-1-768x197.png 768w\" sizes=\"auto, (max-width: 1280px) 100vw, 1280px\" \/>\n                      <div class=\"h-image__frame h-hide-lg h-hide-md h-hide-sm style-588-frameImage style-local-9-c11-frameImage\"><\/div>\n                    <\/div>\n                  <\/div>\n                <\/div>\n                <div data-colibri-id=\"9-c12\" class=\"d-block style-589 style-local-9-c12 position-relative h-element\">\n                  <!---->\n                  <div class=\"h-image__frame-container-outer\">\n                    <div class=\"h-image__frame-container\">\n                      <!---->\n                      <!---->\n                      <img loading=\"lazy\" decoding=\"async\" width=\"1280\" height=\"318\" src=\"https:\/\/buchmannshofladen.ch\/wp-content\/uploads\/2024\/04\/cropped-Zeitstrahl_Angebot_April02.png\" class=\"wp-image-1011 style-589-image style-local-9-c12-image\" alt=\"\" srcset=\"https:\/\/buchmannshofladen.ch\/wp-content\/uploads\/2024\/04\/cropped-Zeitstrahl_Angebot_April02.png 1280w, https:\/\/buchmannshofladen.ch\/wp-content\/uploads\/2024\/04\/cropped-Zeitstrahl_Angebot_April02-300x75.png 300w, https:\/\/buchmannshofladen.ch\/wp-content\/uploads\/2024\/04\/cropped-Zeitstrahl_Angebot_April02-1024x254.png 1024w, https:\/\/buchmannshofladen.ch\/wp-content\/uploads\/2024\/04\/cropped-Zeitstrahl_Angebot_April02-768x191.png 768w\" sizes=\"auto, (max-width: 1280px) 100vw, 1280px\" \/>\n                      <div class=\"h-image__frame h-hide-lg h-hide-md h-hide-sm style-589-frameImage style-local-9-c12-frameImage\"><\/div>\n                    <\/div>\n                  <\/div>\n                <\/div>\n              <\/div>\n            <\/div>\n          <\/div>\n        <\/div>\n      <\/div>\n      <div data-colibri-id=\"9-c13\" class=\"h-row-container gutters-row-lg-2 gutters-row-md-2 gutters-row-0 gutters-row-v-lg-2 gutters-row-v-md-2 gutters-row-v-2 style-590 style-local-9-c13 position-relative\">\n        <!---->\n        <div class=\"h-row justify-content-lg-center justify-content-md-center justify-content-center align-items-lg-stretch align-items-md-stretch align-items-stretch gutters-col-lg-2 gutters-col-md-2 gutters-col-0 gutters-col-v-lg-2 gutters-col-v-md-2 gutters-col-v-2\">\n          <!---->\n          <div class=\"h-column h-column-container d-flex h-col-lg-auto h-col-md-auto h-col-auto style-591-outer style-local-9-c14-outer\">\n            <div data-colibri-id=\"9-c14\" class=\"d-flex h-flex-basis h-column__inner h-px-lg-2 h-px-md-2 h-px-2 v-inner-lg-2 v-inner-md-2 v-inner-2 style-591 style-local-9-c14 position-relative\">\n              <!---->\n              <!---->\n              <div class=\"w-100 h-y-container h-column__content h-column__v-align flex-basis-100 align-self-lg-start align-self-md-start align-self-start\">\n                <!---->\n                <div data-colibri-id=\"9-c15\" class=\"d-block style-592 style-local-9-c15 position-relative h-element\">\n                  <!---->\n                  <div class=\"h-image__frame-container-outer\">\n                    <div class=\"h-image__frame-container\">\n                      <!---->\n                      <!---->\n                      <img decoding=\"async\" src=\"https:\/\/buchmannshofladen.ch\/wp-content\/uploads\/2023\/07\/cropped-Aprikosen-rotated-1-287x300.jpg\" class=\"style-592-image style-local-9-c15-image\">\n                      <div class=\"h-image__frame h-hide-lg h-hide-md h-hide-sm style-592-frameImage style-local-9-c15-frameImage\"><\/div>\n                    <\/div>\n                  <\/div>\n                <\/div>\n                <div data-colibri-id=\"9-c16\" class=\"style-593 style-local-9-c16 position-relative h-element\">\n                  <!---->\n                <\/div>\n              <\/div>\n            <\/div>\n          <\/div>\n          <div class=\"h-column h-column-container d-flex h-col-lg-auto h-col-md-auto h-col-auto style-594-outer style-local-9-c17-outer\">\n            <div data-colibri-id=\"9-c17\" class=\"d-flex h-flex-basis h-column__inner h-px-lg-2 h-px-md-2 h-px-2 v-inner-lg-2 v-inner-md-2 v-inner-2 style-594 style-local-9-c17 position-relative\">\n              <!---->\n              <!---->\n              <div class=\"w-100 h-y-container h-column__content h-column__v-align flex-basis-100 align-self-lg-start align-self-md-start align-self-start\">\n                <!---->\n                <div data-colibri-id=\"9-c18\" class=\"d-block style-595 style-local-9-c18 position-relative h-element\">\n                  <!---->\n                  <div class=\"h-image__frame-container-outer\">\n                    <div class=\"h-image__frame-container\">\n                      <!---->\n                      <!---->\n                      <img decoding=\"async\" src=\"https:\/\/buchmannshofladen.ch\/wp-content\/uploads\/2023\/05\/cropped-Mark_Luzern_2-300x289.jpg\" class=\"style-595-image style-local-9-c18-image\">\n                      <div class=\"h-image__frame h-hide-lg h-hide-md h-hide-sm style-595-frameImage style-local-9-c18-frameImage\"><\/div>\n                    <\/div>\n                  <\/div>\n                <\/div>\n              <\/div>\n            <\/div>\n          <\/div>\n          <div class=\"h-column h-column-container d-flex h-col-lg-auto h-col-md-auto h-col-auto style-596-outer style-local-9-c19-outer\">\n            <div data-colibri-id=\"9-c19\" class=\"d-flex h-flex-basis h-column__inner h-px-lg-2 h-px-md-2 h-px-2 v-inner-lg-2 v-inner-md-2 v-inner-2 style-596 style-local-9-c19 position-relative\">\n              <!---->\n              <!---->\n              <div class=\"w-100 h-y-container h-column__content h-column__v-align flex-basis-100 align-self-lg-start align-self-md-start align-self-start\">\n                <!---->\n                <div data-colibri-id=\"9-c20\" class=\"d-block style-597 style-local-9-c20 position-relative h-element\">\n                  <!---->\n                  <div class=\"h-image__frame-container-outer\">\n                    <div class=\"h-image__frame-container\">\n                      <!---->\n                      <!---->\n                      <img decoding=\"async\" src=\"https:\/\/buchmannshofladen.ch\/wp-content\/uploads\/2023\/04\/cropped-aeperiihdedoepe-rotated-1-300x300.jpg\" class=\"style-597-image style-local-9-c20-image\">\n                      <div class=\"h-image__frame h-hide-lg h-hide-md h-hide-sm style-597-frameImage style-local-9-c20-frameImage\"><\/div>\n                    <\/div>\n                  <\/div>\n                <\/div>\n              <\/div>\n            <\/div>\n          <\/div>\n        <\/div>\n      <\/div>\n      <div data-colibri-id=\"9-c21\" class=\"h-row-container gutters-row-lg-2 gutters-row-md-2 gutters-row-0 gutters-row-v-lg-2 gutters-row-v-md-2 gutters-row-v-2 style-598 style-local-9-c21 position-relative\">\n        <!---->\n        <div class=\"h-row justify-content-lg-center justify-content-md-center justify-content-center align-items-lg-stretch align-items-md-stretch align-items-stretch gutters-col-lg-2 gutters-col-md-2 gutters-col-0 gutters-col-v-lg-2 gutters-col-v-md-2 gutters-col-v-2\">\n          <!---->\n          <div class=\"h-column h-column-container d-flex h-col-lg-auto h-col-md-auto h-col-auto style-599-outer style-local-9-c22-outer\">\n            <div data-colibri-id=\"9-c22\" class=\"d-flex h-flex-basis h-column__inner h-px-lg-2 h-px-md-2 h-px-2 v-inner-lg-2 v-inner-md-2 v-inner-2 style-599 style-local-9-c22 position-relative\">\n              <!---->\n              <!---->\n              <div class=\"w-100 h-y-container h-column__content h-column__v-align flex-basis-100 align-self-lg-start align-self-md-start align-self-start\">\n                <!---->\n                <div data-colibri-id=\"9-c23\" class=\"h-global-transition-all h-heading style-600 style-local-9-c23 position-relative h-element\">\n                  <!---->\n                  <div class=\"h-heading__outer style-600 style-local-9-c23\">\n                    <!---->\n                    <!---->\n                    <h2 class=\"\">\u00d6ffnungszeiten<\/h2>\n                  <\/div>\n                <\/div>\n              <\/div>\n            <\/div>\n          <\/div>\n        <\/div>\n      <\/div>\n      <div data-colibri-id=\"9-c24\" class=\"h-row-container gutters-row-lg-2 gutters-row-md-2 gutters-row-0 gutters-row-v-lg-2 gutters-row-v-md-2 gutters-row-v-2 style-601 style-local-9-c24 position-relative\">\n        <!---->\n        <div class=\"h-row justify-content-lg-center justify-content-md-center justify-content-center align-items-lg-stretch align-items-md-stretch align-items-stretch gutters-col-lg-2 gutters-col-md-2 gutters-col-0 gutters-col-v-lg-2 gutters-col-v-md-2 gutters-col-v-2\">\n          <!---->\n          <div class=\"h-column h-column-container d-flex h-col-lg-auto h-col-md-auto h-col-auto style-602-outer style-local-9-c25-outer\">\n            <div data-colibri-id=\"9-c25\" class=\"d-flex h-flex-basis h-column__inner h-px-lg-2 h-px-md-2 h-px-2 v-inner-lg-2 v-inner-md-2 v-inner-2 style-602 style-local-9-c25 position-relative\">\n              <!---->\n              <!---->\n              <div class=\"w-100 h-y-container h-column__content h-column__v-align flex-basis-100 align-self-lg-start align-self-md-start align-self-start\">\n                <!---->\n                <div data-colibri-id=\"9-c26\" class=\"h-lead h-text h-text-component style-603 style-local-9-c26 position-relative h-element\">\n                  <!---->\n                  <!---->\n                  <div class=\"\">\n                    <p>Mai &#8211; Oktober<\/p>\n                  <\/div>\n                <\/div>\n                <div data-colibri-id=\"9-c27\" class=\"h-lead h-text h-text-component style-604 style-local-9-c27 position-relative h-element\">\n                  <!---->\n                  <!---->\n                  <div class=\"\">\n                    <p><span style=\"font-weight: 400; font-size: 20px; font-family: &quot;Open Sans&quot;; color: rgb(37, 41, 42);\">Montag &#8211; Freitag<\/span>\n                      <br>08:00 &#8211; 12:00 &amp; 13:00 &#8211; 18:30\n                      <br><span style=\"font-weight: 400; font-size: 20px; font-family: &quot;Open Sans&quot;; color: rgb(37, 41, 42);\">Samstag<\/span>\n                      <br>08:00 &#8211; 12:00 &amp; 13:00 &#8211; 17:00\n                      <br><span style=\"font-weight: 400; font-size: 20px; font-family: &quot;Open Sans&quot;; color: rgb(37, 41, 42);\">Sonntag &#8211; geschlossen<\/span>\n                      <br>\n                      <br><span style=\"font-weight: 400; font-size: 20px; font-family: &quot;Open Sans&quot;; color: rgb(37, 41, 42);\">Selbstbedienungsstand an der Strasse<\/span>\n                      <br>auch Sonntags f\u00fcr Sie da!\n                      <br>\n                      <br>\n                      <br>\n                    <\/p>\n                  <\/div>\n                <\/div>\n                <div data-colibri-id=\"9-c28\" class=\"h-lead h-text h-text-component style-605 style-local-9-c28 position-relative h-element\">\n                  <!---->\n                  <!---->\n                  <div class=\"\">\n                    <p>November &#8211; April<\/p>\n                  <\/div>\n                <\/div>\n                <div data-colibri-id=\"9-c29\" class=\"h-text h-text-component style-606 style-local-9-c29 position-relative h-element\">\n                  <!---->\n                  <!---->\n                  <div class=\"\">\n                    <p><span style=\"font-weight: 400; font-size: 20px; font-family: &quot;Open Sans&quot;; color: rgb(37, 41, 42);\">Montag &#8211; Freitag<\/span>\n                      <br><span style=\"font-weight: 300; font-size: 20px; font-family: &quot;Open Sans&quot;; color: rgb(37, 41, 42);\">08:00 &#8211; 12:00 &amp; 13:00 &#8211; 18:00<\/span>\n                      <br><span style=\"font-weight: 400; font-size: 20px; font-family: &quot;Open Sans&quot;; color: rgb(37, 41, 42);\">Samstag<\/span>\n                      <br><span style=\"font-weight: 300; font-size: 20px; font-family: &quot;Open Sans&quot;; color: rgb(37, 41, 42);\">08:00 &#8211; 12:00 &amp; 13:00 &#8211; 17:00<\/span>\n                      <br><span style=\"font-weight: 400; font-size: 20px; font-family: &quot;Open Sans&quot;; color: rgb(37, 41, 42);\">Sonntag &#8211; geschlossen<\/span><\/p>\n                  <\/div>\n                <\/div>\n              <\/div>\n            <\/div>\n          <\/div>\n        <\/div>\n      <\/div>\n    <\/div>\n  <\/div>\n<\/div>","protected":false},"excerpt":{"rendered":"<p>Buchmanns Hofladen steht f\u00fcr Qualit\u00e4t, Vielfalt und die nachhaltige Produktion von Obst, Beeren und Gem\u00fcse. Durch den direkten Verkauf, an unseren diversen Standorten, garantieren wir genussreife und frische Produkte. Neben unserem saisonalen Angebot bieten wir ganzj\u00e4hrig leckere Verarbeitungsprodukte an. Unser Angebot \u00d6ffnungszeiten Mai &#8211; Oktober Montag &#8211; Freitag 08:00 &#8211; 12:00 &amp; 13:00 &#8211; 18:30 [&hellip;]<\/p>\n","protected":false},"author":1,"featured_media":946,"parent":0,"menu_order":0,"comment_status":"closed","ping_status":"closed","template":"page-templates\/full-width-page.php","meta":{"footnotes":""},"class_list":["post-9","page","type-page","status-publish","has-post-thumbnail","hentry"],"_links":{"self":[{"href":"https:\/\/buchmannshofladen.ch\/index.php\/wp-json\/wp\/v2\/pages\/9","targetHints":{"allow":["GET"]}}],"collection":[{"href":"https:\/\/buchmannshofladen.ch\/index.php\/wp-json\/wp\/v2\/pages"}],"about":[{"href":"https:\/\/buchmannshofladen.ch\/index.php\/wp-json\/wp\/v2\/types\/page"}],"author":[{"embeddable":true,"href":"https:\/\/buchmannshofladen.ch\/index.php\/wp-json\/wp\/v2\/users\/1"}],"replies":[{"embeddable":true,"href":"https:\/\/buchmannshofladen.ch\/index.php\/wp-json\/wp\/v2\/comments?post=9"}],"version-history":[{"count":20,"href":"https:\/\/buchmannshofladen.ch\/index.php\/wp-json\/wp\/v2\/pages\/9\/revisions"}],"predecessor-version":[{"id":1514,"href":"https:\/\/buchmannshofladen.ch\/index.php\/wp-json\/wp\/v2\/pages\/9\/revisions\/1514"}],"wp:featuredmedia":[{"embeddable":true,"href":"https:\/\/buchmannshofladen.ch\/index.php\/wp-json\/wp\/v2\/media\/946"}],"wp:attachment":[{"href":"https:\/\/buchmannshofladen.ch\/index.php\/wp-json\/wp\/v2\/media?parent=9"}],"curies":[{"name":"wp","href":"https:\/\/api.w.org\/{rel}","templated":true}]}}