{"id":618,"date":"2023-04-19T21:12:11","date_gmt":"2023-04-19T21:12:11","guid":{"rendered":"https:\/\/buchmannshofladen.ch\/?page_id=618"},"modified":"2023-04-19T21:58:18","modified_gmt":"2023-04-19T21:58:18","slug":"geschichte","status":"publish","type":"page","link":"https:\/\/buchmannshofladen.ch\/index.php\/ueber-uns\/geschichte\/","title":{"rendered":"Geschichte"},"content":{"rendered":"<div data-colibri-id=\"618-c1\" class=\"style-491 style-local-618-c1 position-relative\">\n  <!---->\n  <div data-colibri-component=\"section\" data-colibri-id=\"618-c2\" id=\"custom\" class=\"h-section h-section-global-spacing d-flex align-items-lg-center align-items-md-center align-items-center style-492 style-local-618-c2 position-relative\">\n    <!---->\n    <!---->\n    <div class=\"h-section-grid-container h-section-boxed-container\">\n      <!---->\n      <div data-colibri-id=\"618-c6\" class=\"h-row-container gutters-row-lg-2 gutters-row-md-2 gutters-row-0 gutters-row-v-lg-2 gutters-row-v-md-2 gutters-row-v-2 style-496 style-local-618-c6 position-relative\">\n        <!---->\n        <div class=\"h-row justify-content-lg-center justify-content-md-center justify-content-center align-items-lg-stretch align-items-md-stretch align-items-stretch gutters-col-lg-2 gutters-col-md-2 gutters-col-0 gutters-col-v-lg-2 gutters-col-v-md-2 gutters-col-v-2\">\n          <!---->\n          <div class=\"h-column h-column-container d-flex h-col-lg-auto h-col-md-auto h-col-auto style-497-outer style-local-618-c7-outer\">\n            <div data-colibri-id=\"618-c7\" class=\"d-flex h-flex-basis h-column__inner h-px-lg-2 h-px-md-2 h-px-2 v-inner-lg-2 v-inner-md-2 v-inner-2 style-497 style-local-618-c7 position-relative\">\n              <!---->\n              <!---->\n              <div class=\"w-100 h-y-container h-column__content h-column__v-align flex-basis-100 align-self-lg-start align-self-md-start align-self-start\">\n                <!---->\n                <div data-colibri-id=\"618-c8\" class=\"h-global-transition-all h-heading style-498 style-local-618-c8 position-relative h-element\">\n                  <!---->\n                  <div class=\"h-heading__outer style-498 style-local-618-c8\">\n                    <!---->\n                    <!---->\n                    <h3 class=\"\">1944<\/h3>\n                  <\/div>\n                <\/div>\n                <div data-colibri-id=\"618-c9\" class=\"h-text h-text-component style-499 style-local-618-c9 position-relative h-element\">\n                  <!---->\n                  <!---->\n                  <div class=\"\">\n                    <p>Franz Buchmann kam als P\u00e4chter aus Rain auf den Hof in R\u00f6merswil.<\/p>\n                  <\/div>\n                <\/div>\n                <div data-colibri-id=\"618-c10\" class=\"h-global-transition-all h-heading style-500 style-local-618-c10 position-relative h-element\">\n                  <!---->\n                  <div class=\"h-heading__outer style-500 style-local-618-c10\">\n                    <!---->\n                    <!---->\n                    <h3 class=\"\">1965 &#8211; 1998<\/h3>\n                  <\/div>\n                <\/div>\n                <div data-colibri-id=\"618-c11\" class=\"h-text h-text-component style-501 style-local-618-c11 position-relative h-element\">\n                  <!---->\n                  <!---->\n                  <div class=\"\">\n                    <p>Franz Buchmann Junior kaufte 1965 den Pachthof in Ludiswil, dem damaligen Besitzer Adolf Amrein, ab. Er f\u00fchrte den Hof 33 Jahre lang mit seiner Frau Margrith. In dieser Zeit spezialisierte er sich immer mehr auf Obst und Beeren. 1975\n                      begann er seine Produkte direkt ab Hof zu verkaufen. Da das Gesch\u00e4ft mit dem Direktverkauf erfolgreich war, stellte man 1997 die Milchwirtschaft ein.<\/p>\n                  <\/div>\n                <\/div>\n                <div data-colibri-id=\"618-c12\" class=\"h-global-transition-all h-heading style-502 style-local-618-c12 position-relative h-element\">\n                  <!---->\n                  <div class=\"h-heading__outer style-502 style-local-618-c12\">\n                    <!---->\n                    <!---->\n                    <h3 class=\"\">1999 &#8211; 2012<\/h3>\n                  <\/div>\n                <\/div>\n                <div data-colibri-id=\"618-c13\" class=\"h-text h-text-component style-503 style-local-618-c13 position-relative h-element\">\n                  <!---->\n                  <!---->\n                  <div class=\"\">\n                    <p>Der nun fortgeschrittene Mischbetrieb aus Schweinen, Obst und Beeren \u00fcbernahm 1999 Dani Buchmann, der Sohn von Franz und Margrith.\n                      <br>Dani sah das grosse Potenzial im Verkauf von Obst, Beeren und Gem\u00fcse und dehnte die Kulturen weiter aus. In dieser Zeit vergr\u00f6sserte er den Betrieb durch die Erbauung mehrerer Lagerhallen und Obstanlagen. Auch die Familienplanung\n                      fand neben dem betrieblichen Fortschritt noch platz.\n                      <br>So bekam er mit seiner Frau Martha Buchmann 1999 den ersten Sohn Adrian und 2001 den zweiten Sohn Remo Buchmann.\n                      <br>Tragischerweise verstarb Dani Buchmann 2012, somit \u00fcbergab er zu fr\u00fch und unverhofft die Hofleitung an seine Frau Martha Buchmann<\/p>\n                  <\/div>\n                <\/div>\n                <div data-colibri-id=\"618-c14\" class=\"h-global-transition-all h-heading style-504 style-local-618-c14 position-relative h-element\">\n                  <!---->\n                  <div class=\"h-heading__outer style-504 style-local-618-c14\">\n                    <!---->\n                    <!---->\n                    <h3 class=\"\">2012 &#8211;<\/h3>\n                  <\/div>\n                <\/div>\n                <div data-colibri-id=\"618-c15\" class=\"h-text h-text-component style-505 style-local-618-c15 position-relative h-element\">\n                  <!---->\n                  <!---->\n                  <div class=\"\">\n                    <p>Martha Buchmann \u00fcbernahm die Hofleitung und versuchte ihr bestes, den Hof weiterzuf\u00fchren.\n                      <br>Dank Unterst\u00fctzung von Schwiegervater Franz Buchmann, Vater Ruedi B\u00e4hler und Onkel Ueli B\u00e4hler gelang dies. 2013 wurde schliesslich auch die Schweinezucht und der Beerenanbau eingestellt. Durch das Interesse der S\u00f6hne begann man\n                      2016 erneut mit dem Anbau von Erdbeeren im kleinen Rahmen. Adrian Buchmann erlernte G\u00e4rtner und kehrte nach abgeschlossener Lehre 2018 auf den Hof zur\u00fcck. Auch Remo Buchmann interessierte sich mehr und mehr f\u00fcr den Obst und Beerenanbau\n                      und schloss 2020 seine Lehre als Obstbauer ab.\n                      <br>Seither arbeiten Martha, Adrian, Remo mit Unterst\u00fctzung von Ruedi und Ueli auf dem wachsenden Betrieb.\n                      <br>\n                    <\/p>\n                  <\/div>\n                <\/div>\n              <\/div>\n            <\/div>\n          <\/div>\n        <\/div>\n      <\/div>\n      <div data-colibri-id=\"618-c3\" class=\"h-row-container gutters-row-lg-2 gutters-row-md-2 gutters-row-0 gutters-row-v-lg-2 gutters-row-v-md-2 gutters-row-v-2 style-493 style-local-618-c3 position-relative\">\n        <!---->\n        <div class=\"h-row justify-content-lg-center justify-content-md-center justify-content-center align-items-lg-stretch align-items-md-stretch align-items-stretch gutters-col-lg-2 gutters-col-md-2 gutters-col-0 gutters-col-v-lg-2 gutters-col-v-md-2 gutters-col-v-2\">\n          <!---->\n          <div class=\"h-column h-column-container d-flex h-col-lg-auto h-col-md-auto h-col-auto style-494-outer style-local-618-c4-outer\">\n            <div data-colibri-id=\"618-c4\" class=\"d-flex h-flex-basis h-column__inner h-ui-empty-state-container h-px-lg-2 h-px-md-2 h-px-2 v-inner-lg-2 v-inner-md-2 v-inner-2 style-494 style-local-618-c4 position-relative\">\n              <!---->\n              <!---->\n              <div class=\"w-100 h-y-container h-column__content h-column__v-align flex-basis-100\">\n                <!---->\n              <\/div>\n            <\/div>\n          <\/div>\n        <\/div>\n      <\/div>\n    <\/div>\n  <\/div>\n<\/div>","protected":false},"excerpt":{"rendered":"<p>1944 Franz Buchmann kam als P\u00e4chter aus Rain auf den Hof in R\u00f6merswil. 1965 &#8211; 1998 Franz Buchmann Junior kaufte 1965 den Pachthof in Ludiswil, dem damaligen Besitzer Adolf Amrein, ab. Er f\u00fchrte den Hof 33 Jahre lang mit seiner Frau Margrith. In dieser Zeit spezialisierte er sich immer mehr auf Obst und Beeren. 1975 [&hellip;]<\/p>\n","protected":false},"author":1,"featured_media":0,"parent":22,"menu_order":1,"comment_status":"closed","ping_status":"closed","template":"page-templates\/full-width-page.php","meta":{"footnotes":""},"class_list":["post-618","page","type-page","status-publish","hentry"],"_links":{"self":[{"href":"https:\/\/buchmannshofladen.ch\/index.php\/wp-json\/wp\/v2\/pages\/618","targetHints":{"allow":["GET"]}}],"collection":[{"href":"https:\/\/buchmannshofladen.ch\/index.php\/wp-json\/wp\/v2\/pages"}],"about":[{"href":"https:\/\/buchmannshofladen.ch\/index.php\/wp-json\/wp\/v2\/types\/page"}],"author":[{"embeddable":true,"href":"https:\/\/buchmannshofladen.ch\/index.php\/wp-json\/wp\/v2\/users\/1"}],"replies":[{"embeddable":true,"href":"https:\/\/buchmannshofladen.ch\/index.php\/wp-json\/wp\/v2\/comments?post=618"}],"version-history":[{"count":4,"href":"https:\/\/buchmannshofladen.ch\/index.php\/wp-json\/wp\/v2\/pages\/618\/revisions"}],"predecessor-version":[{"id":667,"href":"https:\/\/buchmannshofladen.ch\/index.php\/wp-json\/wp\/v2\/pages\/618\/revisions\/667"}],"up":[{"embeddable":true,"href":"https:\/\/buchmannshofladen.ch\/index.php\/wp-json\/wp\/v2\/pages\/22"}],"wp:attachment":[{"href":"https:\/\/buchmannshofladen.ch\/index.php\/wp-json\/wp\/v2\/media?parent=618"}],"curies":[{"name":"wp","href":"https:\/\/api.w.org\/{rel}","templated":true}]}}