{"id":22,"date":"2023-01-25T19:27:34","date_gmt":"2023-01-25T19:27:34","guid":{"rendered":"https:\/\/buchmannshofladen.ch\/?page_id=22"},"modified":"2023-05-08T07:49:29","modified_gmt":"2023-05-08T07:49:29","slug":"ueber-uns","status":"publish","type":"page","link":"https:\/\/buchmannshofladen.ch\/index.php\/ueber-uns\/","title":{"rendered":"\u00dcber uns"},"content":{"rendered":"<div data-colibri-id=\"22-c1\" class=\"style-455 style-local-22-c1 position-relative\">\n  <!---->\n  <div data-colibri-component=\"section\" data-colibri-id=\"22-c2\" id=\"initial-content\" class=\"h-section h-section-global-spacing d-flex align-items-lg-center align-items-md-center align-items-center style-456 style-local-22-c2 position-relative\">\n    <!---->\n    <!---->\n    <div class=\"h-section-grid-container h-section-boxed-container\">\n      <!---->\n      <div data-colibri-id=\"22-c3\" class=\"h-row-container gutters-row-lg-2 gutters-row-md-2 gutters-row-0 gutters-row-v-lg-2 gutters-row-v-md-2 gutters-row-v-2 style-457 style-local-22-c3 position-relative\">\n        <!---->\n        <div class=\"h-row justify-content-lg-center justify-content-md-center justify-content-center align-items-lg-stretch align-items-md-stretch align-items-stretch gutters-col-lg-2 gutters-col-md-2 gutters-col-0 gutters-col-v-lg-2 gutters-col-v-md-2 gutters-col-v-2\">\n          <!---->\n          <div class=\"h-column h-column-container d-flex h-col-lg-auto h-col-md-auto h-col-auto style-458-outer style-local-22-c4-outer\">\n            <div data-colibri-id=\"22-c4\" class=\"d-flex h-flex-basis h-column__inner h-px-lg-2 h-px-md-2 h-px-2 v-inner-lg-2 v-inner-md-2 v-inner-2 style-458 style-local-22-c4 position-relative\">\n              <!---->\n              <!---->\n              <div class=\"w-100 h-y-container h-column__content h-column__v-align flex-basis-100 align-self-lg-start align-self-md-start align-self-start\">\n                <!---->\n                <div data-colibri-id=\"22-c5\" class=\"h-text h-text-component style-460 style-local-22-c5 position-relative h-element\">\n                  <!---->\n                  <!---->\n                  <div class=\"\">\n                    <p>Buchmanns Hofladen in R\u00f6merswil ist ein Familienbetrieb der sich seit 2013 vollst\u00e4ndig auf die Produktion und den Verkauf\n                      <br>von Obst, Beeren und Gem\u00fcse fokussiert. Damit unser Betrieb einwandfrei funktioniert, herrscht eine sinnvolle Arbeitsaufteilung.<\/p>\n                  <\/div>\n                <\/div>\n              <\/div>\n            <\/div>\n          <\/div>\n        <\/div>\n      <\/div>\n      <div data-colibri-id=\"22-c6\" class=\"h-row-container gutters-row-lg-2 gutters-row-md-2 gutters-row-0 gutters-row-v-lg-2 gutters-row-v-md-2 gutters-row-v-2 style-461 style-local-22-c6 position-relative\">\n        <!---->\n        <div class=\"h-row justify-content-lg-center justify-content-md-center justify-content-center align-items-lg-stretch align-items-md-stretch align-items-stretch gutters-col-lg-2 gutters-col-md-2 gutters-col-0 gutters-col-v-lg-2 gutters-col-v-md-2 gutters-col-v-2\">\n          <!---->\n          <div class=\"h-column h-column-container d-flex h-col-lg-auto h-col-md-auto h-col-auto style-462-outer style-local-22-c7-outer\">\n            <div data-colibri-id=\"22-c7\" class=\"d-flex h-flex-basis h-column__inner h-px-lg-2 h-px-md-2 h-px-2 v-inner-lg-2 v-inner-md-2 v-inner-2 style-462 style-local-22-c7 position-relative\">\n              <!---->\n              <!---->\n              <div class=\"w-100 h-y-container h-column__content h-column__v-align flex-basis-100 align-self-lg-start align-self-md-start align-self-start\">\n                <!---->\n                <div data-colibri-id=\"22-c8\" class=\"d-block style-464 style-local-22-c8 position-relative h-element\">\n                  <!---->\n                  <div class=\"h-image__frame-container-outer\">\n                    <div class=\"h-image__frame-container\">\n                      <!---->\n                      <!---->\n                      <img loading=\"lazy\" decoding=\"async\" width=\"428\" height=\"428\" src=\"https:\/\/buchmannshofladen.ch\/wp-content\/uploads\/2023\/04\/cropped-aaahmaedi.jpg\" class=\"wp-image-599 style-464-image style-local-22-c8-image\" alt=\"\" srcset=\"https:\/\/buchmannshofladen.ch\/wp-content\/uploads\/2023\/04\/cropped-aaahmaedi.jpg 428w, https:\/\/buchmannshofladen.ch\/wp-content\/uploads\/2023\/04\/cropped-aaahmaedi-300x300.jpg 300w, https:\/\/buchmannshofladen.ch\/wp-content\/uploads\/2023\/04\/cropped-aaahmaedi-150x150.jpg 150w\" sizes=\"auto, (max-width: 428px) 100vw, 428px\" \/>\n                      <div class=\"h-image__frame h-hide-lg h-hide-md h-hide-sm style-464-frameImage style-local-22-c8-frameImage\"><\/div>\n                    <\/div>\n                  <\/div>\n                <\/div>\n              <\/div>\n            <\/div>\n          <\/div>\n          <div class=\"h-column h-column-container d-flex h-col-lg-auto h-col-md-auto h-col-auto style-463-outer style-local-22-c9-outer\">\n            <div data-colibri-id=\"22-c9\" class=\"d-flex h-flex-basis h-column__inner h-px-lg-2 h-px-md-2 h-px-2 v-inner-lg-2 v-inner-md-2 v-inner-2 style-463 style-local-22-c9 position-relative\">\n              <!---->\n              <!---->\n              <div class=\"w-100 h-y-container h-column__content h-column__v-align flex-basis-100 align-self-lg-start align-self-md-start align-self-start\">\n                <!---->\n                <div data-colibri-id=\"22-c10\" class=\"h-global-transition-all h-heading style-466 style-local-22-c10 position-relative h-element\">\n                  <!---->\n                  <div class=\"h-heading__outer style-466 style-local-22-c10\">\n                    <!---->\n                    <!---->\n                    <h1 class=\"\">Martha Buchmann<\/h1>\n                  <\/div>\n                <\/div>\n                <div data-colibri-id=\"22-c11\" class=\"h-text h-text-component style-467 style-local-22-c11 position-relative h-element\">\n                  <!---->\n                  <!---->\n                  <div class=\"\">\n                    <p>Inhaberin<\/p>\n                  <\/div>\n                <\/div>\n                <div data-colibri-id=\"22-c12\" class=\"h-text h-text-component style-465 style-local-22-c12 position-relative h-element\">\n                  <!---->\n                  <!---->\n                  <div class=\"\">\n                    <p>T\u00e4tigkeitsbereiche:<\/p>\n                    <ul>\n                      <li>Administration \/ Buchhaltung<\/li>\n                      <li>Gem\u00fcseanbau<\/li>\n                      <li>Auslieferungen<\/li>\n                      <li>Bedienung Hofladen<\/li>\n                      <li>Sonstig anfallende Arbeiten<\/li>\n                      <li>Marktstand in Baar<\/li>\n                    <\/ul>\n                    <p>Kontakt:<\/p>\n                    <ul>\n                      <li>Tel: 079 292 27 88\n                        <br>\n                      <\/li>\n                      <li>E-Mail: marthabuchmann@bluewin.ch<\/li>\n                    <\/ul>\n                    <p>\n                      <br>\n                    <\/p>\n                  <\/div>\n                <\/div>\n              <\/div>\n            <\/div>\n          <\/div>\n        <\/div>\n      <\/div>\n      <div data-colibri-id=\"22-c13\" class=\"h-row-container gutters-row-lg-2 gutters-row-md-2 gutters-row-0 gutters-row-v-lg-2 gutters-row-v-md-2 gutters-row-v-2 style-468 style-local-22-c13 position-relative\">\n        <!---->\n        <div class=\"h-row justify-content-lg-center justify-content-md-center justify-content-center align-items-lg-stretch align-items-md-stretch align-items-stretch gutters-col-lg-2 gutters-col-md-2 gutters-col-0 gutters-col-v-lg-2 gutters-col-v-md-2 gutters-col-v-2\">\n          <!---->\n          <div class=\"h-column h-column-container d-flex h-col-lg-auto h-col-md-auto h-col-auto style-469-outer style-local-22-c14-outer\">\n            <div data-colibri-id=\"22-c14\" class=\"d-flex h-flex-basis h-column__inner h-px-lg-2 h-px-md-2 h-px-2 v-inner-lg-2 v-inner-md-2 v-inner-2 style-469 style-local-22-c14 position-relative\">\n              <!---->\n              <!---->\n              <div class=\"w-100 h-y-container h-column__content h-column__v-align flex-basis-100 align-self-lg-start align-self-md-start align-self-start\">\n                <!---->\n                <div data-colibri-id=\"22-c15\" class=\"d-block style-471 style-local-22-c15 position-relative h-element\">\n                  <!---->\n                  <div class=\"h-image__frame-container-outer\">\n                    <div class=\"h-image__frame-container\">\n                      <!---->\n                      <!---->\n                      <img loading=\"lazy\" decoding=\"async\" width=\"480\" height=\"480\" src=\"https:\/\/buchmannshofladen.ch\/wp-content\/uploads\/2023\/04\/cropped-aahRemo.jpg\" class=\"wp-image-608 style-471-image style-local-22-c15-image\" alt=\"\" srcset=\"https:\/\/buchmannshofladen.ch\/wp-content\/uploads\/2023\/04\/cropped-aahRemo.jpg 480w, https:\/\/buchmannshofladen.ch\/wp-content\/uploads\/2023\/04\/cropped-aahRemo-300x300.jpg 300w, https:\/\/buchmannshofladen.ch\/wp-content\/uploads\/2023\/04\/cropped-aahRemo-150x150.jpg 150w\" sizes=\"auto, (max-width: 480px) 100vw, 480px\" \/>\n                      <div class=\"h-image__frame h-hide-lg h-hide-md h-hide-sm style-471-frameImage style-local-22-c15-frameImage\"><\/div>\n                    <\/div>\n                  <\/div>\n                <\/div>\n              <\/div>\n            <\/div>\n          <\/div>\n          <div class=\"h-column h-column-container d-flex h-col-lg-auto h-col-md-auto h-col-auto style-470-outer style-local-22-c16-outer\">\n            <div data-colibri-id=\"22-c16\" class=\"d-flex h-flex-basis h-column__inner h-px-lg-2 h-px-md-2 h-px-2 v-inner-lg-2 v-inner-md-2 v-inner-2 style-470 style-local-22-c16 position-relative\">\n              <!---->\n              <!---->\n              <div class=\"w-100 h-y-container h-column__content h-column__v-align flex-basis-100 align-self-lg-start align-self-md-start align-self-start\">\n                <!---->\n                <div data-colibri-id=\"22-c17\" class=\"h-global-transition-all h-heading style-472 style-local-22-c17 position-relative h-element\">\n                  <!---->\n                  <div class=\"h-heading__outer style-472 style-local-22-c17\">\n                    <!---->\n                    <!---->\n                    <h2 class=\"\">Remo Buchmann<\/h2>\n                  <\/div>\n                <\/div>\n                <div data-colibri-id=\"22-c18\" class=\"h-text h-text-component style-473 style-local-22-c18 position-relative h-element\">\n                  <!---->\n                  <!---->\n                  <div class=\"\">\n                    <p>Betriebsleiter<\/p>\n                  <\/div>\n                <\/div>\n                <div data-colibri-id=\"22-c19\" class=\"h-text h-text-component style-474 style-local-22-c19 position-relative h-element\">\n                  <!---->\n                  <!---->\n                  <div class=\"\">\n                    <p>T\u00e4tigkeitsbereiche:<\/p>\n                    <ul>\n                      <li>Obstbau<\/li>\n                      <li>Beerenanbau<\/li>\n                      <li>Maschinelle Arbeiten<\/li>\n                      <li>Personelles<\/li>\n                      <li>Marktstand in Luzern<\/li>\n                      <li>Verantwortlicher Stand Sempach<\/li>\n                    <\/ul>\n                    <p>Kontakt:<\/p>\n                    <ul>\n                      <li>Tel: 079 781 41 48<\/li>\n                      <li>E-Mail: remobuchmann@gmx.ch<\/li>\n                    <\/ul>\n                    <p>\n                      <br>\n                    <\/p>\n                  <\/div>\n                <\/div>\n              <\/div>\n            <\/div>\n          <\/div>\n        <\/div>\n      <\/div>\n      <div data-colibri-id=\"22-c20\" class=\"h-row-container gutters-row-lg-2 gutters-row-md-2 gutters-row-0 gutters-row-v-lg-2 gutters-row-v-md-2 gutters-row-v-2 style-475 style-local-22-c20 position-relative\">\n        <!---->\n        <div class=\"h-row justify-content-lg-center justify-content-md-center justify-content-center align-items-lg-stretch align-items-md-stretch align-items-stretch gutters-col-lg-2 gutters-col-md-2 gutters-col-0 gutters-col-v-lg-2 gutters-col-v-md-2 gutters-col-v-2\">\n          <!---->\n          <div class=\"h-column h-column-container d-flex h-col-lg-auto h-col-md-auto h-col-auto style-476-outer style-local-22-c21-outer\">\n            <div data-colibri-id=\"22-c21\" class=\"d-flex h-flex-basis h-column__inner h-px-lg-2 h-px-md-2 h-px-2 v-inner-lg-2 v-inner-md-2 v-inner-2 style-476 style-local-22-c21 position-relative\">\n              <!---->\n              <!---->\n              <div class=\"w-100 h-y-container h-column__content h-column__v-align flex-basis-100 align-self-lg-start align-self-md-start align-self-start\">\n                <!---->\n                <div data-colibri-id=\"22-c22\" class=\"d-block style-478 style-local-22-c22 position-relative h-element\">\n                  <!---->\n                  <div class=\"h-image__frame-container-outer\">\n                    <div class=\"h-image__frame-container\">\n                      <!---->\n                      <!---->\n                      <img loading=\"lazy\" decoding=\"async\" width=\"480\" height=\"480\" src=\"https:\/\/buchmannshofladen.ch\/wp-content\/uploads\/2023\/04\/cropped-aaahadi.jpg\" class=\"wp-image-610 style-478-image style-local-22-c22-image\" alt=\"\" srcset=\"https:\/\/buchmannshofladen.ch\/wp-content\/uploads\/2023\/04\/cropped-aaahadi.jpg 480w, https:\/\/buchmannshofladen.ch\/wp-content\/uploads\/2023\/04\/cropped-aaahadi-300x300.jpg 300w, https:\/\/buchmannshofladen.ch\/wp-content\/uploads\/2023\/04\/cropped-aaahadi-150x150.jpg 150w\" sizes=\"auto, (max-width: 480px) 100vw, 480px\" \/>\n                      <div class=\"h-image__frame h-hide-lg h-hide-md h-hide-sm style-478-frameImage style-local-22-c22-frameImage\"><\/div>\n                    <\/div>\n                  <\/div>\n                <\/div>\n              <\/div>\n            <\/div>\n          <\/div>\n          <div class=\"h-column h-column-container d-flex h-col-lg-auto h-col-md-auto h-col-auto style-477-outer style-local-22-c23-outer\">\n            <div data-colibri-id=\"22-c23\" class=\"d-flex h-flex-basis h-column__inner h-px-lg-2 h-px-md-2 h-px-2 v-inner-lg-2 v-inner-md-2 v-inner-2 style-477 style-local-22-c23 position-relative\">\n              <!---->\n              <!---->\n              <div class=\"w-100 h-y-container h-column__content h-column__v-align flex-basis-100 align-self-lg-start align-self-md-start align-self-start\">\n                <!---->\n                <div data-colibri-id=\"22-c24\" class=\"h-global-transition-all h-heading style-479 style-local-22-c24 position-relative h-element\">\n                  <!---->\n                  <div class=\"h-heading__outer style-479 style-local-22-c24\">\n                    <!---->\n                    <!---->\n                    <h2 class=\"\">Adrian Buchmann<\/h2>\n                  <\/div>\n                <\/div>\n                <div data-colibri-id=\"22-c25\" class=\"h-text h-text-component style-480 style-local-22-c25 position-relative h-element\">\n                  <!---->\n                  <!---->\n                  <div class=\"\">\n                    <p>&nbsp;&nbsp;<\/p>\n                  <\/div>\n                <\/div>\n                <div data-colibri-id=\"22-c26\" class=\"h-text h-text-component style-481 style-local-22-c26 position-relative h-element\">\n                  <!---->\n                  <!---->\n                  <div class=\"\">\n                    <p>T\u00e4tigkeitsbereiche:<\/p>\n                    <ul>\n                      <li>Hofladen<\/li>\n                      <li>Verarbeitungsprodukte<\/li>\n                      <li>Abpackung \/ R\u00fcsten der Ware<\/li>\n                      <li>Gem\u00fcseanbau<\/li>\n                      <li>Blumen<\/li>\n                    <\/ul>\n                    <p>Kontakt:<\/p>\n                    <ul>\n                      <li>Tel: 079 814 98 17<\/li>\n                      <li>E-Mail:&nbsp;<\/li>\n                    <\/ul>\n                    <p>\n                      <br>\n                    <\/p>\n                  <\/div>\n                <\/div>\n              <\/div>\n            <\/div>\n          <\/div>\n        <\/div>\n      <\/div>\n    <\/div>\n  <\/div>\n<\/div>","protected":false},"excerpt":{"rendered":"<p>Buchmanns Hofladen in R\u00f6merswil ist ein Familienbetrieb der sich seit 2013 vollst\u00e4ndig auf die Produktion und den Verkauf von Obst, Beeren und Gem\u00fcse fokussiert. Damit unser Betrieb einwandfrei funktioniert, herrscht eine sinnvolle Arbeitsaufteilung. Martha Buchmann Inhaberin T\u00e4tigkeitsbereiche: Administration \/ Buchhaltung Gem\u00fcseanbau Auslieferungen Bedienung Hofladen Sonstig anfallende Arbeiten Marktstand in Baar Kontakt: Tel: 079 292 27 [&hellip;]<\/p>\n","protected":false},"author":1,"featured_media":0,"parent":0,"menu_order":0,"comment_status":"closed","ping_status":"closed","template":"page-templates\/full-width-page.php","meta":{"footnotes":""},"class_list":["post-22","page","type-page","status-publish","hentry"],"_links":{"self":[{"href":"https:\/\/buchmannshofladen.ch\/index.php\/wp-json\/wp\/v2\/pages\/22","targetHints":{"allow":["GET"]}}],"collection":[{"href":"https:\/\/buchmannshofladen.ch\/index.php\/wp-json\/wp\/v2\/pages"}],"about":[{"href":"https:\/\/buchmannshofladen.ch\/index.php\/wp-json\/wp\/v2\/types\/page"}],"author":[{"embeddable":true,"href":"https:\/\/buchmannshofladen.ch\/index.php\/wp-json\/wp\/v2\/users\/1"}],"replies":[{"embeddable":true,"href":"https:\/\/buchmannshofladen.ch\/index.php\/wp-json\/wp\/v2\/comments?post=22"}],"version-history":[{"count":5,"href":"https:\/\/buchmannshofladen.ch\/index.php\/wp-json\/wp\/v2\/pages\/22\/revisions"}],"predecessor-version":[{"id":712,"href":"https:\/\/buchmannshofladen.ch\/index.php\/wp-json\/wp\/v2\/pages\/22\/revisions\/712"}],"wp:attachment":[{"href":"https:\/\/buchmannshofladen.ch\/index.php\/wp-json\/wp\/v2\/media?parent=22"}],"curies":[{"name":"wp","href":"https:\/\/api.w.org\/{rel}","templated":true}]}}